{"id":1612,"date":"2024-04-10T11:15:20","date_gmt":"2024-04-10T11:15:20","guid":{"rendered":"http:\/\/calaliu.com\/who-are-we\/"},"modified":"2024-06-12T11:24:22","modified_gmt":"2024-06-12T11:24:22","slug":"who-are-we","status":"publish","type":"page","link":"https:\/\/calaliu.com\/en\/who-are-we\/","title":{"rendered":"Who are we"},"content":{"rendered":"\t\t<div data-elementor-type=\"wp-page\" data-elementor-id=\"1612\" class=\"elementor elementor-1612 elementor-70\" data-elementor-post-type=\"page\">\n\t\t\t\t\t\t<section class=\"elementor-section elementor-top-section elementor-element elementor-element-718c36b7 elementor-section-height-min-height elementor-section-boxed elementor-section-height-default elementor-section-items-middle\" data-id=\"718c36b7\" data-element_type=\"section\" data-e-type=\"section\" data-settings=\"{&quot;background_background&quot;:&quot;classic&quot;}\">\n\t\t\t\t\t\t\t<div class=\"elementor-background-overlay\"><\/div>\n\t\t\t\t\t\t\t<div class=\"elementor-container elementor-column-gap-no\">\n\t\t\t\t\t<div class=\"elementor-column elementor-col-100 elementor-top-column elementor-element elementor-element-36baebb2\" data-id=\"36baebb2\" data-element_type=\"column\" data-e-type=\"column\">\n\t\t\t<div class=\"elementor-widget-wrap elementor-element-populated\">\n\t\t\t\t\t\t<div class=\"elementor-element elementor-element-51824030 elementor-widget elementor-widget-heading\" data-id=\"51824030\" data-element_type=\"widget\" data-e-type=\"widget\" data-widget_type=\"heading.default\">\n\t\t\t\t<div class=\"elementor-widget-container\">\n\t\t\t\t\t<h2 class=\"elementor-heading-title elementor-size-default\">Our story<\/h2>\t\t\t\t<\/div>\n\t\t\t\t<\/div>\n\t\t\t\t\t<\/div>\n\t\t<\/div>\n\t\t\t\t\t<\/div>\n\t\t<\/section>\n\t\t\t\t<section class=\"elementor-section elementor-top-section elementor-element elementor-element-1f72951 elementor-section-boxed elementor-section-height-default elementor-section-height-default\" data-id=\"1f72951\" data-element_type=\"section\" data-e-type=\"section\" data-settings=\"{&quot;background_background&quot;:&quot;classic&quot;}\">\n\t\t\t\t\t\t<div class=\"elementor-container elementor-column-gap-default\">\n\t\t\t\t\t<div class=\"elementor-column elementor-col-100 elementor-top-column elementor-element elementor-element-74a4cf51\" data-id=\"74a4cf51\" data-element_type=\"column\" data-e-type=\"column\">\n\t\t\t<div class=\"elementor-widget-wrap elementor-element-populated\">\n\t\t\t\t\t\t<div class=\"elementor-element elementor-element-9be34ad elementor-widget elementor-widget-image\" data-id=\"9be34ad\" data-element_type=\"widget\" data-e-type=\"widget\" data-widget_type=\"image.default\">\n\t\t\t\t<div class=\"elementor-widget-container\">\n\t\t\t\t\t\t\t\t\t\t\t\t\t\t\t<img fetchpriority=\"high\" decoding=\"async\" width=\"1597\" height=\"1065\" src=\"https:\/\/calaliu.com\/wp-content\/uploads\/2024\/05\/fotoequip-54.jpg\" class=\"attachment-full size-full wp-image-1317\" alt=\"\" srcset=\"https:\/\/calaliu.com\/wp-content\/uploads\/2024\/05\/fotoequip-54.jpg 1597w, https:\/\/calaliu.com\/wp-content\/uploads\/2024\/05\/fotoequip-54-300x200.jpg 300w, https:\/\/calaliu.com\/wp-content\/uploads\/2024\/05\/fotoequip-54-1024x683.jpg 1024w, https:\/\/calaliu.com\/wp-content\/uploads\/2024\/05\/fotoequip-54-768x512.jpg 768w, https:\/\/calaliu.com\/wp-content\/uploads\/2024\/05\/fotoequip-54-1536x1024.jpg 1536w\" sizes=\"(max-width: 1597px) 100vw, 1597px\" \/>\t\t\t\t\t\t\t\t\t\t\t\t\t\t\t<\/div>\n\t\t\t\t<\/div>\n\t\t\t\t<section class=\"elementor-section elementor-inner-section elementor-element elementor-element-35b814d1 elementor-section-boxed elementor-section-height-default elementor-section-height-default\" data-id=\"35b814d1\" data-element_type=\"section\" data-e-type=\"section\">\n\t\t\t\t\t\t<div class=\"elementor-container elementor-column-gap-wider\">\n\t\t\t\t\t<div class=\"elementor-column elementor-col-33 elementor-inner-column elementor-element elementor-element-48a9bb1f\" data-id=\"48a9bb1f\" data-element_type=\"column\" data-e-type=\"column\">\n\t\t\t<div class=\"elementor-widget-wrap elementor-element-populated\">\n\t\t\t\t\t\t<div class=\"elementor-element elementor-element-68fd2692 elementor-widget elementor-widget-heading\" data-id=\"68fd2692\" data-element_type=\"widget\" data-e-type=\"widget\" data-widget_type=\"heading.default\">\n\t\t\t\t<div class=\"elementor-widget-container\">\n\t\t\t\t\t<span class=\"elementor-heading-title elementor-size-default\">Anah\u00ed and David<\/span>\t\t\t\t<\/div>\n\t\t\t\t<\/div>\n\t\t\t\t\t<\/div>\n\t\t<\/div>\n\t\t\t\t<div class=\"elementor-column elementor-col-33 elementor-inner-column elementor-element elementor-element-40a45149\" data-id=\"40a45149\" data-element_type=\"column\" data-e-type=\"column\">\n\t\t\t<div class=\"elementor-widget-wrap elementor-element-populated\">\n\t\t\t\t\t\t<div class=\"elementor-element elementor-element-36f561f6 elementor-widget-divider--view-line elementor-invisible elementor-widget elementor-widget-divider\" data-id=\"36f561f6\" data-element_type=\"widget\" data-e-type=\"widget\" data-settings=\"{&quot;_animation&quot;:&quot;fadeInLeft&quot;,&quot;_animation_delay&quot;:600}\" data-widget_type=\"divider.default\">\n\t\t\t\t<div class=\"elementor-widget-container\">\n\t\t\t\t\t\t\t<div class=\"elementor-divider\">\n\t\t\t<span class=\"elementor-divider-separator\">\n\t\t\t\t\t\t<\/span>\n\t\t<\/div>\n\t\t\t\t\t\t<\/div>\n\t\t\t\t<\/div>\n\t\t\t\t\t<\/div>\n\t\t<\/div>\n\t\t\t\t<div class=\"elementor-column elementor-col-33 elementor-inner-column elementor-element elementor-element-7770f76\" data-id=\"7770f76\" data-element_type=\"column\" data-e-type=\"column\">\n\t\t\t<div class=\"elementor-widget-wrap elementor-element-populated\">\n\t\t\t\t\t\t<div class=\"elementor-element elementor-element-2a3e0d9a elementor-invisible elementor-widget elementor-widget-text-editor\" data-id=\"2a3e0d9a\" data-element_type=\"widget\" data-e-type=\"widget\" data-settings=\"{&quot;_animation&quot;:&quot;fadeInUp&quot;,&quot;_animation_delay&quot;:800}\" data-widget_type=\"text-editor.default\">\n\t\t\t\t<div class=\"elementor-widget-container\">\n\t\t\t\t\t\t\t\t\t<p><span style=\"font-weight: 400;\">We are David and Anah\u00ed, a couple living in Baix Empord\u00e0 for almost thirty years. Both of us have dedicated ourselves to restoration for more than twenty years and we are currently starting this new project with the aim of being able to reconcile our work life with our family life.<\/span><\/p>\n<p><span style=\"font-weight: 400;\">Our intention is to offer cozy accommodation where those who visit us feel at home and can enjoy quality and local products during breakfast.<\/span><\/p>\n\t\t\t\t\t\t\t\t<\/div>\n\t\t\t\t<\/div>\n\t\t\t\t\t<\/div>\n\t\t<\/div>\n\t\t\t\t\t<\/div>\n\t\t<\/section>\n\t\t\t\t\t<\/div>\n\t\t<\/div>\n\t\t\t\t\t<\/div>\n\t\t<\/section>\n\t\t\t\t<section class=\"elementor-section elementor-top-section elementor-element elementor-element-6e53b139 elementor-section-height-min-height elementor-section-boxed elementor-section-height-default elementor-section-items-middle\" data-id=\"6e53b139\" data-element_type=\"section\" data-e-type=\"section\" data-settings=\"{&quot;background_background&quot;:&quot;classic&quot;}\">\n\t\t\t\t\t\t<div class=\"elementor-container elementor-column-gap-no\">\n\t\t\t\t\t<div class=\"elementor-column elementor-col-100 elementor-top-column elementor-element elementor-element-27511b1b\" data-id=\"27511b1b\" data-element_type=\"column\" data-e-type=\"column\">\n\t\t\t<div class=\"elementor-widget-wrap\">\n\t\t\t\t\t\t\t<\/div>\n\t\t<\/div>\n\t\t\t\t\t<\/div>\n\t\t<\/section>\n\t\t\t\t<\/div>\n\t\t","protected":false},"excerpt":{"rendered":"<p>Our story Anah\u00ed and David We are David and Anah\u00ed, a couple living in Baix Empord\u00e0 for almost thirty years. Both of us have dedicated ourselves to restoration for more than twenty years and we are currently starting this new project with the aim of being able to reconcile our work life with our family [&hellip;]<\/p>\n","protected":false},"author":1,"featured_media":0,"parent":0,"menu_order":0,"comment_status":"closed","ping_status":"closed","template":"elementor_header_footer","meta":{"footnotes":""},"class_list":["post-1612","page","type-page","status-publish","hentry"],"yoast_head":"<!-- This site is optimized with the Yoast SEO plugin v27.2 - https:\/\/yoast.com\/product\/yoast-seo-wordpress\/ -->\n<title>Who are the owners of Ca l&#039;Aliu?<\/title>\n<meta name=\"description\" content=\"Hello! We are Anah\u00ed and David, the owners of Ca l&#039;Aliu. If you want to know a little more about our history, visit this page.\" \/>\n<meta name=\"robots\" content=\"index, follow, max-snippet:-1, max-image-preview:large, max-video-preview:-1\" \/>\n<link rel=\"canonical\" href=\"https:\/\/calaliu.com\/en\/who-are-we\/\" \/>\n<meta property=\"og:locale\" content=\"en_US\" \/>\n<meta property=\"og:type\" content=\"article\" \/>\n<meta property=\"og:title\" content=\"Who are the owners of Ca l&#039;Aliu?\" \/>\n<meta property=\"og:description\" content=\"Hello! We are Anah\u00ed and David, the owners of Ca l&#039;Aliu. If you want to know a little more about our history, visit this page.\" \/>\n<meta property=\"og:url\" content=\"https:\/\/calaliu.com\/en\/who-are-we\/\" \/>\n<meta property=\"og:site_name\" content=\"calaliu.com\" \/>\n<meta property=\"article:modified_time\" content=\"2024-06-12T11:24:22+00:00\" \/>\n<meta property=\"og:image\" content=\"http:\/\/calaliu.com\/wp-content\/uploads\/2024\/05\/fotoequip-54.jpg\" \/>\n<meta name=\"twitter:card\" content=\"summary_large_image\" \/>\n<script type=\"application\/ld+json\" class=\"yoast-schema-graph\">{\"@context\":\"https:\/\/schema.org\",\"@graph\":[{\"@type\":\"WebPage\",\"@id\":\"https:\/\/calaliu.com\/en\/who-are-we\/\",\"url\":\"https:\/\/calaliu.com\/en\/who-are-we\/\",\"name\":\"Who are the owners of Ca l'Aliu?\",\"isPartOf\":{\"@id\":\"https:\/\/calaliu.com\/en\/#website\"},\"primaryImageOfPage\":{\"@id\":\"https:\/\/calaliu.com\/en\/who-are-we\/#primaryimage\"},\"image\":{\"@id\":\"https:\/\/calaliu.com\/en\/who-are-we\/#primaryimage\"},\"thumbnailUrl\":\"http:\/\/calaliu.com\/wp-content\/uploads\/2024\/05\/fotoequip-54.jpg\",\"datePublished\":\"2024-04-10T11:15:20+00:00\",\"dateModified\":\"2024-06-12T11:24:22+00:00\",\"description\":\"Hello! We are Anah\u00ed and David, the owners of Ca l'Aliu. If you want to know a little more about our history, visit this page.\",\"breadcrumb\":{\"@id\":\"https:\/\/calaliu.com\/en\/who-are-we\/#breadcrumb\"},\"inLanguage\":\"en-US\",\"potentialAction\":[{\"@type\":\"ReadAction\",\"target\":[\"https:\/\/calaliu.com\/en\/who-are-we\/\"]}]},{\"@type\":\"ImageObject\",\"inLanguage\":\"en-US\",\"@id\":\"https:\/\/calaliu.com\/en\/who-are-we\/#primaryimage\",\"url\":\"http:\/\/calaliu.com\/wp-content\/uploads\/2024\/05\/fotoequip-54.jpg\",\"contentUrl\":\"http:\/\/calaliu.com\/wp-content\/uploads\/2024\/05\/fotoequip-54.jpg\"},{\"@type\":\"BreadcrumbList\",\"@id\":\"https:\/\/calaliu.com\/en\/who-are-we\/#breadcrumb\",\"itemListElement\":[{\"@type\":\"ListItem\",\"position\":1,\"name\":\"Inici\",\"item\":\"https:\/\/calaliu.com\/en\/\"},{\"@type\":\"ListItem\",\"position\":2,\"name\":\"Who are we\"}]},{\"@type\":\"WebSite\",\"@id\":\"https:\/\/calaliu.com\/en\/#website\",\"url\":\"https:\/\/calaliu.com\/en\/\",\"name\":\"calaliu.com\",\"description\":\"Mi sitio Wordpress y Woocommerce creado con SWPanel.com\",\"potentialAction\":[{\"@type\":\"SearchAction\",\"target\":{\"@type\":\"EntryPoint\",\"urlTemplate\":\"https:\/\/calaliu.com\/en\/?s={search_term_string}\"},\"query-input\":{\"@type\":\"PropertyValueSpecification\",\"valueRequired\":true,\"valueName\":\"search_term_string\"}}],\"inLanguage\":\"en-US\"}]}<\/script>\n<!-- \/ Yoast SEO plugin. -->","yoast_head_json":{"title":"Who are the owners of Ca l'Aliu?","description":"Hello! We are Anah\u00ed and David, the owners of Ca l'Aliu. If you want to know a little more about our history, visit this page.","robots":{"index":"index","follow":"follow","max-snippet":"max-snippet:-1","max-image-preview":"max-image-preview:large","max-video-preview":"max-video-preview:-1"},"canonical":"https:\/\/calaliu.com\/en\/who-are-we\/","og_locale":"en_US","og_type":"article","og_title":"Who are the owners of Ca l'Aliu?","og_description":"Hello! We are Anah\u00ed and David, the owners of Ca l'Aliu. If you want to know a little more about our history, visit this page.","og_url":"https:\/\/calaliu.com\/en\/who-are-we\/","og_site_name":"calaliu.com","article_modified_time":"2024-06-12T11:24:22+00:00","og_image":[{"url":"http:\/\/calaliu.com\/wp-content\/uploads\/2024\/05\/fotoequip-54.jpg","type":"","width":"","height":""}],"twitter_card":"summary_large_image","schema":{"@context":"https:\/\/schema.org","@graph":[{"@type":"WebPage","@id":"https:\/\/calaliu.com\/en\/who-are-we\/","url":"https:\/\/calaliu.com\/en\/who-are-we\/","name":"Who are the owners of Ca l'Aliu?","isPartOf":{"@id":"https:\/\/calaliu.com\/en\/#website"},"primaryImageOfPage":{"@id":"https:\/\/calaliu.com\/en\/who-are-we\/#primaryimage"},"image":{"@id":"https:\/\/calaliu.com\/en\/who-are-we\/#primaryimage"},"thumbnailUrl":"http:\/\/calaliu.com\/wp-content\/uploads\/2024\/05\/fotoequip-54.jpg","datePublished":"2024-04-10T11:15:20+00:00","dateModified":"2024-06-12T11:24:22+00:00","description":"Hello! We are Anah\u00ed and David, the owners of Ca l'Aliu. If you want to know a little more about our history, visit this page.","breadcrumb":{"@id":"https:\/\/calaliu.com\/en\/who-are-we\/#breadcrumb"},"inLanguage":"en-US","potentialAction":[{"@type":"ReadAction","target":["https:\/\/calaliu.com\/en\/who-are-we\/"]}]},{"@type":"ImageObject","inLanguage":"en-US","@id":"https:\/\/calaliu.com\/en\/who-are-we\/#primaryimage","url":"http:\/\/calaliu.com\/wp-content\/uploads\/2024\/05\/fotoequip-54.jpg","contentUrl":"http:\/\/calaliu.com\/wp-content\/uploads\/2024\/05\/fotoequip-54.jpg"},{"@type":"BreadcrumbList","@id":"https:\/\/calaliu.com\/en\/who-are-we\/#breadcrumb","itemListElement":[{"@type":"ListItem","position":1,"name":"Inici","item":"https:\/\/calaliu.com\/en\/"},{"@type":"ListItem","position":2,"name":"Who are we"}]},{"@type":"WebSite","@id":"https:\/\/calaliu.com\/en\/#website","url":"https:\/\/calaliu.com\/en\/","name":"calaliu.com","description":"Mi sitio Wordpress y Woocommerce creado con SWPanel.com","potentialAction":[{"@type":"SearchAction","target":{"@type":"EntryPoint","urlTemplate":"https:\/\/calaliu.com\/en\/?s={search_term_string}"},"query-input":{"@type":"PropertyValueSpecification","valueRequired":true,"valueName":"search_term_string"}}],"inLanguage":"en-US"}]}},"_links":{"self":[{"href":"https:\/\/calaliu.com\/en\/wp-json\/wp\/v2\/pages\/1612","targetHints":{"allow":["GET"]}}],"collection":[{"href":"https:\/\/calaliu.com\/en\/wp-json\/wp\/v2\/pages"}],"about":[{"href":"https:\/\/calaliu.com\/en\/wp-json\/wp\/v2\/types\/page"}],"author":[{"embeddable":true,"href":"https:\/\/calaliu.com\/en\/wp-json\/wp\/v2\/users\/1"}],"replies":[{"embeddable":true,"href":"https:\/\/calaliu.com\/en\/wp-json\/wp\/v2\/comments?post=1612"}],"version-history":[{"count":1,"href":"https:\/\/calaliu.com\/en\/wp-json\/wp\/v2\/pages\/1612\/revisions"}],"predecessor-version":[{"id":1613,"href":"https:\/\/calaliu.com\/en\/wp-json\/wp\/v2\/pages\/1612\/revisions\/1613"}],"wp:attachment":[{"href":"https:\/\/calaliu.com\/en\/wp-json\/wp\/v2\/media?parent=1612"}],"curies":[{"name":"wp","href":"https:\/\/api.w.org\/{rel}","templated":true}]}}